{"id":3266,"date":"2021-03-29T15:19:11","date_gmt":"2021-03-29T15:19:11","guid":{"rendered":"https:\/\/demo.crocoblock.com\/jobboard\/?page_id=3266"},"modified":"2023-06-25T08:49:42","modified_gmt":"2023-06-25T08:49:42","slug":"inscription","status":"publish","type":"page","link":"https:\/\/frenchtouchmalta.com\/en\/inscription\/","title":{"rendered":"Inscription \u00e0 L&rsquo;annuaire"},"content":{"rendered":"<div data-elementor-type=\"wp-page\" data-elementor-id=\"3266\" class=\"elementor elementor-3266\" data-elementor-post-type=\"page\">\n\t\t\t\t<div class=\"elementor-element elementor-element-c4b16bf e-flex e-con-boxed e-con e-parent\" data-id=\"c4b16bf\" data-element_type=\"container\">\n\t\t\t\t\t<div class=\"e-con-inner\">\n\t\t<div class=\"elementor-element elementor-element-47be219 e-con-full e-flex e-con e-child\" data-id=\"47be219\" data-element_type=\"container\">\n\t\t<div class=\"elementor-element elementor-element-23787d4 e-con-full e-flex e-con e-child\" data-id=\"23787d4\" data-element_type=\"container\" data-settings=\"{&quot;background_background&quot;:&quot;classic&quot;}\">\n\t\t<div class=\"elementor-element elementor-element-578bf26 e-con-full e-flex e-con e-child\" data-id=\"578bf26\" data-element_type=\"container\">\n\t\t\t\t<div class=\"elementor-element elementor-element-893e33f elementor-widget elementor-widget-heading\" data-id=\"893e33f\" data-element_type=\"widget\" data-widget_type=\"heading.default\">\n\t\t\t\t<div class=\"elementor-widget-container\">\n\t\t\t\t\t<h2 class=\"elementor-heading-title elementor-size-default\">S'inscrire \u00e0 l'annuaire<\/h2>\t\t\t\t<\/div>\n\t\t\t\t<\/div>\n\t\t\t\t<div class=\"elementor-element elementor-element-17f2cb9 elementor-widget elementor-widget-text-editor\" data-id=\"17f2cb9\" data-element_type=\"widget\" data-widget_type=\"text-editor.default\">\n\t\t\t\t<div class=\"elementor-widget-container\">\n\t\t\t\t\t\t\t\t\tEn quelques minutes seulement, nous allons vous aider \u00e0 cr\u00e9er votre profil et faire parti du gang.\t\t\t\t\t\t\t\t<\/div>\n\t\t\t\t<\/div>\n\t\t\t\t<\/div>\n\t\t\t\t<\/div>\n\t\t<div class=\"elementor-element elementor-element-66071bc e-flex e-con-boxed e-con e-child\" data-id=\"66071bc\" data-element_type=\"container\">\n\t\t\t\t\t<div class=\"e-con-inner\">\n\t\t\t\t<div class=\"elementor-element elementor-element-be2adf7 elementor-widget__width-auto elementor-widget elementor-widget-heading\" data-id=\"be2adf7\" data-element_type=\"widget\" data-widget_type=\"heading.default\">\n\t\t\t\t<div class=\"elementor-widget-container\">\n\t\t\t\t\t<h4 class=\"elementor-heading-title elementor-size-default\"><span style=\"white-space:pre-wrap\">Vous avez deja un compte?<\/span>\n<\/h4>\t\t\t\t<\/div>\n\t\t\t\t<\/div>\n\t\t\t\t<div class=\"elementor-element elementor-element-502119f elementor-widget__width-auto elementor-widget elementor-widget-button\" data-id=\"502119f\" data-element_type=\"widget\" data-widget_type=\"button.default\">\n\t\t\t\t<div class=\"elementor-widget-container\">\n\t\t\t\t\t\t\t\t\t<div class=\"elementor-button-wrapper\">\n\t\t\t\t\t<a class=\"elementor-button elementor-button-link elementor-size-sm\" href=\"https:\/\/frenchtouchmalta.com\/en\/login\/\">\n\t\t\t\t\t\t<span class=\"elementor-button-content-wrapper\">\n\t\t\t\t\t\t\t\t\t<span class=\"elementor-button-text\">Connection<\/span>\n\t\t\t\t\t<\/span>\n\t\t\t\t\t<\/a>\n\t\t\t\t<\/div>\n\t\t\t\t\t\t\t\t<\/div>\n\t\t\t\t<\/div>\n\t\t\t\t\t<\/div>\n\t\t\t\t<\/div>\n\t\t\t\t<\/div>\n\t\t\t\t\t<\/div>\n\t\t\t\t<\/div>\n\t\t\t\t<\/div>","protected":false},"excerpt":{"rendered":"<p>S&rsquo;inscrire \u00e0 l&rsquo;annuaire En quelques minutes seulement, nous allons vous aider \u00e0 cr\u00e9er votre profil et faire parti du gang. D\u00e9marrer Ouh la la ! Vous avez deja un compte? Connexion<\/p>","protected":false},"author":1,"featured_media":0,"parent":0,"menu_order":0,"comment_status":"closed","ping_status":"closed","template":"","meta":{"_jf_save_progress":"","footnotes":""},"class_list":["post-3266","page","type-page","status-publish","hentry"],"blocksy_meta":[],"_links":{"self":[{"href":"https:\/\/frenchtouchmalta.com\/en\/wp-json\/wp\/v2\/pages\/3266","targetHints":{"allow":["GET"]}}],"collection":[{"href":"https:\/\/frenchtouchmalta.com\/en\/wp-json\/wp\/v2\/pages"}],"about":[{"href":"https:\/\/frenchtouchmalta.com\/en\/wp-json\/wp\/v2\/types\/page"}],"author":[{"embeddable":true,"href":"https:\/\/frenchtouchmalta.com\/en\/wp-json\/wp\/v2\/users\/1"}],"replies":[{"embeddable":true,"href":"https:\/\/frenchtouchmalta.com\/en\/wp-json\/wp\/v2\/comments?post=3266"}],"version-history":[{"count":23,"href":"https:\/\/frenchtouchmalta.com\/en\/wp-json\/wp\/v2\/pages\/3266\/revisions"}],"predecessor-version":[{"id":10976,"href":"https:\/\/frenchtouchmalta.com\/en\/wp-json\/wp\/v2\/pages\/3266\/revisions\/10976"}],"wp:attachment":[{"href":"https:\/\/frenchtouchmalta.com\/en\/wp-json\/wp\/v2\/media?parent=3266"}],"curies":[{"name":"wp","href":"https:\/\/api.w.org\/{rel}","templated":true}]}}