{"id":4498,"date":"2022-02-11T19:25:26","date_gmt":"2022-02-11T19:25:26","guid":{"rendered":"https:\/\/demo.crocoblock.com\/jobboard\/?page_id=4498"},"modified":"2023-05-10T17:57:44","modified_gmt":"2023-05-10T17:57:44","slug":"inscription-entreprise","status":"publish","type":"page","link":"https:\/\/frenchtouchmalta.com\/en\/inscription-entreprise\/","title":{"rendered":"Inscription entreprise"},"content":{"rendered":"<div data-elementor-type=\"wp-page\" data-elementor-id=\"4498\" class=\"elementor elementor-4498\" data-elementor-post-type=\"page\">\n\t\t\t\t<div class=\"elementor-element elementor-element-ed03d54 e-flex e-con-boxed e-con e-parent\" data-id=\"ed03d54\" data-element_type=\"container\">\n\t\t\t\t\t<div class=\"e-con-inner\">\n\t\t<div class=\"elementor-element elementor-element-8af5657 e-con-full e-flex e-con e-child\" data-id=\"8af5657\" data-element_type=\"container\" data-settings=\"{&quot;background_background&quot;:&quot;classic&quot;}\">\n\t\t\t\t<div class=\"elementor-element elementor-element-ab12fd9 elementor-widget elementor-widget-jet-form-builder-form\" data-id=\"ab12fd9\" data-element_type=\"widget\" data-widget_type=\"jet-form-builder-form.default\">\n\t\t\t\t<div class=\"elementor-widget-container\">\n\t\t\t\t\t<link rel='stylesheet' id='wp-block-library-css' href='https:\/\/frenchtouchmalta.com\/wp-includes\/css\/dist\/block-library\/style.min.css' media='all' \/>\n<style id=\"jet-form-builder-4479-inline-css\"><\/style><form  class=\"jet-form-builder layout-column submit-type-ajax\" action=\"https:\/\/frenchtouchmalta.com\/en\/wp-json\/wp\/v2\/pages\/4498\/?31lUf1=fF137t28Kf3f&#038;method=reload\" method=\"POST\" data-form-id=\"4479\" data-layout=\"column\" enctype=\"multipart\/form-data\" novalidate=\"null\" ssr_validation_method=\"rest\" data-trp-original-action=\"https:\/\/frenchtouchmalta.com\/en\/wp-json\/wp\/v2\/pages\/4498\/?31lUf1=fF137t28Kf3f&amp;method=reload\">\r\n<input type=\"hidden\" name=\"_jfb_current_render_states[]\" value=\"DEFAULT.STATE\" data-jfb-sync \/><input type=\"hidden\" class=\"jet-form-builder__field hidden-field\" name=\"_jet_engine_booking_form_id\" data-field-name=\"_jet_engine_booking_form_id\" value=\"4479\">\n<input type=\"hidden\" class=\"jet-form-builder__field hidden-field\" name=\"_jet_engine_refer\" data-field-name=\"_jet_engine_refer\" value=\"https:\/\/frenchtouchmalta.com\/en\/wp-json\/wp\/v2\/pages\/4498\/\">\n<input type=\"hidden\" class=\"jet-form-builder__field hidden-field\" name=\"__queried_post_id\" data-field-name=\"__queried_post_id\" value=\"4498\">\n\n<input type=\"hidden\" class=\"jet-form-builder__field hidden-field\" name=\"user_id\" data-field-name=\"user_id\" data-jfb-sync=\"null\">\n\n\n\n\n<div class=\"wp-block-columns is-layout-flex wp-container-core-columns-is-layout-28f84493 wp-block-columns-is-layout-flex\">\n<div class=\"wp-block-column is-layout-flow wp-block-column-is-layout-flow\"><div  class=\"jet-form-builder-row field-type-text-field\" >\n<div class=\"jet-form-builder__label\">\r\n<div class=\"jet-form-builder__label-text\">Nom de l'organisation <span class=\"jet-form-builder__required\">*<\/span><\/div><\/div><div class=\"jet-form-builder__field-wrap\">\n\t\t\t\t<input placeholder=\"Nom de l&#039;organisation\" required=\"required\" name=\"_employer-company-name\" id=\"_employer-company-name\" type=\"text\" data-field-name=\"_employer-company-name\" class=\"jet-form-builder__field text-field\" data-jfb-sync=\"null\" autocomplete=\"off_BHwfI4l6\">\n\t\t\t\t\t<\/div>\n<\/div>\n\n<div  class=\"jet-form-builder-row field-type-select-field wp-block-jet-forms-select-field\">\n<div class=\"jet-form-builder__label\">\r\n<div class=\"jet-form-builder__label-text\">Type of organization <span class=\"jet-form-builder__required\">*<\/span><\/div><\/div><div class=\"jet-form-builder__field-wrap\">\n\t<select class=\"jet-form-builder__field select-field\" required=\"required\" name=\"Type_entreprise\" data-field-name=\"Type_entreprise\" id=\"Type_entreprise\" data-jfb-sync=\"null\">\n\t\t<option value=\"Startups \/ PME\" >Startups \/ SMEs<\/option><option value=\"ETI \/ Grands Groupes\" >ETI \/ Major Groups<\/option><option value=\"Investisseurs \/ Financeurs\" >Investors \/ Financiers<\/option><option value=\"\u00c9coles\" >Schools<\/option><option value=\"Incubateurs \/ Acc\u00e9l\u00e9rateurs\" >Incubators \/ Accelerators<\/option><option value=\"Community builders\" >Community builders<\/option><option value=\"Coworkings\" >Coworkings<\/option><option value=\"Gouvernemental\" >Government<\/option>\t<\/select>\n<\/div>\n<\/div>\n\n<div  class=\"jet-form-builder-row field-type-select-field wp-block-jet-forms-select-field\">\n<div class=\"jet-form-builder__label\">\r\n<div class=\"jet-form-builder__label-text\">Sector of activity <span class=\"jet-form-builder__required\">*<\/span><\/div><\/div><div class=\"jet-form-builder__field-wrap\">\n\t<select class=\"jet-form-builder__field select-field\" required=\"required\" name=\"secteur\" data-field-name=\"secteur\" id=\"secteur\" data-jfb-sync=\"null\">\n\t\t<option value=\"AdTech\" >AdTech<\/option><option value=\"Agence, Expert, Conseil\" >Agency, Expert, Consulting<\/option><option value=\"AgriTech\" >AgriTech<\/option><option value=\"ArtTech\" >ArtTech<\/option><option value=\"BeautyTech\" >BeautyTech<\/option><option value=\"BigData & Analytics\" >BigData & Analytics<\/option><option value=\"BioTech\" >BioTech<\/option><option value=\"Building\" >Building<\/option><option value=\"CivicTech\" >CivicTech<\/option><option value=\"CleanTech\" >CleanTech<\/option><option value=\"Creative Industries\" >Creative Industries<\/option><option value=\"Cybersecurity\" >Cybersecurity<\/option><option value=\"Defense\" >Defense<\/option><option value=\"eCommerce\" >eCommerce<\/option><option value=\"EdTech\" >EdTech<\/option><option value=\"Ev\u00e8nementiel\" >Ev\u00e8nementiel<\/option><option value=\"Fashion\" >Fashion<\/option><option value=\"FinTech\" >FinTech<\/option><option value=\"FoodTech\" >FoodTech<\/option><option value=\"GreenTech\" >GreenTech<\/option><option value=\"Health\" >Health<\/option><option value=\"Human resources\" >Human resources<\/option><option value=\"Industry 4.0\" >Industry 4.0<\/option><option value=\"Insurance\" >Insurance<\/option><option value=\"LegalTech\" >LegalTech<\/option><option value=\"Manufacturing\" >Manufacturing<\/option><option value=\"MedTech\" >MedTech<\/option><option value=\"Mobility\" >Mobility<\/option><option value=\"Privacy\" >Privacy<\/option><option value=\"PropTech\" >PropTech<\/option><option value=\"RetailTech\" >RetailTech<\/option><option value=\"Robotics\" >Robotics<\/option><option value=\"Silver economy\" >Silver economy<\/option><option value=\"Smart City\" >Smart City<\/option><option value=\"SportTech \u2013 eSport\" >SportTech \u2013 eSport<\/option><option value=\"Tourism \u2013 Leisure\" >Tourism \u2013 Leisure<\/option><option value=\"WineTech\" >WineTech<\/option><option value=\"Crypto\" >Crypto<\/option><option value=\"Restaurant\" >Restaurant<\/option><option value=\"Communaut\u00e9\" >Communaut\u00e9<\/option><option value=\"Trading\" >Trading<\/option>\t<\/select>\n<\/div>\n<\/div>\n\n<div  class=\"jet-form-builder-row field-type-text-field\" >\n<div class=\"jet-form-builder__label\">\r\n<div class=\"jet-form-builder__label-text\">Adresse e-mail de contact g\u00e9n\u00e9rique de votre organisation <span class=\"jet-form-builder__required\">*<\/span><\/div><\/div><div class=\"jet-form-builder__field-wrap\">\n\t\t\t\t<input required=\"required\" name=\"_employer-email\" id=\"_employer-email\" type=\"email\" data-field-name=\"_employer-email\" class=\"jet-form-builder__field text-field\" data-jfb-sync=\"null\" autocomplete=\"off_txskLYKP\">\n\t\t\t\t\t<\/div><div class=\"jet-form-builder__desc\"><small>Ex: contact@organisation.fr Ne re\u00e7oit pas de newsletters. Re\u00e7oit les demandes effectu\u00e9es via le formulaire de contact de la fiche annuaire.<\/small><\/div>\n<\/div><\/div>\n<\/div>\n\n\n<div  class=\"jet-form-builder-row field-type-text-field\" >\n<div class=\"jet-form-builder__label\">\r\n<div class=\"jet-form-builder__label-text\">Site web <span class=\"jet-form-builder__required\">*<\/span><\/div><\/div><div class=\"jet-form-builder__field-wrap\">\n\t\t\t\t<input required=\"required\" name=\"website\" id=\"website\" type=\"url\" data-field-name=\"website\" class=\"jet-form-builder__field text-field\" data-jfb-sync=\"null\" autocomplete=\"off_hS0MFs9f\">\n\t\t\t\t\t<\/div><div class=\"jet-form-builder__desc\"><small>Doit commencer par https:\/\/ (ou http:\/\/)<\/small><\/div>\n<\/div>\n\n<div  class=\"jet-form-builder-row field-type-number-field\" >\n<div class=\"jet-form-builder__label\">\r\n<div class=\"jet-form-builder__label-text\">Ann\u00e9e de cr\u00e9ation de votre organisation<\/div><\/div><div class=\"jet-form-builder__field-wrap\">\n\t\t<input type=\"number\" class=\"jet-form-builder__field text-field\" name=\"date_de_creation\" data-field-name=\"date_de_creation\" id=\"date_de_creation\" data-jfb-sync=\"null\">\n\t<\/div>\n<\/div>\n\n<div  class=\"jet-form-builder-row field-type-text-field\" >\n<div class=\"jet-form-builder__label\">\r\n<div class=\"jet-form-builder__label-text\">Adresse <span class=\"jet-form-builder__required\">*<\/span><\/div><\/div><div class=\"jet-form-builder__field-wrap\">\n\t\t\t\t<input required=\"required\" name=\"adresse\" id=\"adresse\" type=\"text\" data-field-name=\"adresse\" class=\"jet-form-builder__field text-field\" data-jfb-sync=\"null\" autocomplete=\"off_go9fb8Dd\">\n\t\t\t\t\t<\/div>\n<\/div>\n\n<div  class=\"jet-form-builder-row field-type-text-field\" >\n<div class=\"jet-form-builder__label\">\r\n<div class=\"jet-form-builder__label-text\">Code postal <span class=\"jet-form-builder__required\">*<\/span><\/div><\/div><div class=\"jet-form-builder__field-wrap\">\n\t\t\t\t<input required=\"required\" name=\"code_postal\" id=\"code_postal\" type=\"text\" data-field-name=\"code_postal\" class=\"jet-form-builder__field text-field\" data-jfb-sync=\"null\" autocomplete=\"off_jwJPDCf9\">\n\t\t\t\t\t<\/div>\n<\/div>\n\n<div  class=\"jet-form-builder-row field-type-text-field\" >\n<div class=\"jet-form-builder__label\">\r\n<div class=\"jet-form-builder__label-text\">Ville <span class=\"jet-form-builder__required\">*<\/span><\/div><\/div><div class=\"jet-form-builder__field-wrap\">\n\t\t\t\t<input required=\"required\" name=\"ville\" id=\"ville\" type=\"text\" data-field-name=\"ville\" class=\"jet-form-builder__field text-field\" data-jfb-sync=\"null\" autocomplete=\"off_Z1Yzi9yP\">\n\t\t\t\t\t<\/div>\n<\/div>\n\n<div  data-validation-type=\"advanced\" class=\"jet-form-builder-row field-type-wysiwyg-field wp-block-jet-forms-wysiwyg-field\">\n<div class=\"jet-form-builder__label\">\r\n<div class=\"jet-form-builder__label-text\">Description compl\u00e8te de l'activit\u00e9 <span class=\"jet-form-builder__required\">*<\/span><\/div><\/div><div class=\"jet-form-builder__field-wrap\">\n\t\t<div class=\"jet-form-builder__field wysiwyg-field\" data-editor=\"{&quot;textarea_name&quot;:&quot;_about-the-company&quot;,&quot;media_buttons&quot;:false,&quot;textarea_rows&quot;:8,&quot;quicktags&quot;:false,&quot;tinymce&quot;:{&quot;plugins&quot;:&quot;lists,paste,tabfocus,wplink,wordpress&quot;,&quot;wpautop&quot;:&quot;&quot;,&quot;paste_as_text&quot;:true,&quot;paste_auto_cleanup_on_paste&quot;:true,&quot;paste_remove_spans&quot;:true,&quot;paste_remove_styles&quot;:true,&quot;paste_remove_styles_if_webkit&quot;:true,&quot;paste_strip_class_attributes&quot;:true,&quot;toolbar1&quot;:&quot;formatselect,|,bold,italic,strikethrough,blockquote,|,bullist,numlist,|,alignleft,aligncenter,alignright,|,link,unlink,|,undo,redo&quot;,&quot;toolbar2&quot;:&quot;&quot;,&quot;toolbar3&quot;:&quot;&quot;,&quot;toolbar4&quot;:&quot;&quot;}}\" data-required=\"required\" data-jfb-sync=\"null\">\n\t\t\t<div id=\"wp-wp_editor__about-the-company-wrap\" class=\"wp-core-ui wp-editor-wrap tmce-active\"><link rel='stylesheet' id='dashicons-css' href='https:\/\/frenchtouchmalta.com\/wp-includes\/css\/dashicons.min.css' media='all' \/>\n<link rel='stylesheet' id='editor-buttons-css' href='https:\/\/frenchtouchmalta.com\/wp-includes\/css\/editor.min.css' media='all' \/>\n<div id=\"wp-wp_editor__about-the-company-editor-container\" class=\"wp-editor-container\"><textarea class=\"wp-editor-area\" rows=\"8\" autocomplete=\"off\" cols=\"40\" name=\"_about-the-company\" id=\"wp_editor__about-the-company\"><\/textarea><\/div>\n<\/div>\n\n\t\t<\/div>\n\t<\/div><div class=\"jet-form-builder__desc\"><small>Il est important que votre description soit compl\u00e8te et d\u00e9taill\u00e9e pour ne pas rater d\u2019opportunit\u00e9s<\/small><\/div>\n<\/div>\n\n\n<div class=\"wp-block-columns is-layout-flex wp-container-core-columns-is-layout-28f84493 wp-block-columns-is-layout-flex\">\n<div class=\"wp-block-column is-layout-flow wp-block-column-is-layout-flow\"><div  class=\"jet-form-builder-row field-type-media-field\" >\n<template class=\"jet-form-builder__preview-template\"><div class=\"jet-form-builder-file-upload__file\" data-file=\"%file_url%\">\n\t<!-- preview -->\n\t<!-- field -->\n\t<div class=\"jet-form-builder-file-upload__file-remove\" data-file-name=\"%file_name%\">\n\t\t<svg width=\"22\" height=\"22\" viewbox=\"0 0 14 15\" fill=\"none\" xmlns=\"http:\/\/www.w3.org\/2000\/svg\">\n\t\t\t<path d=\"M4.375 7H6.125V12.25H4.375V7ZM7.875 7H9.625V12.25H7.875V7ZM10.5 1.75C10.5 1.51302 10.4134 1.30794 10.2402 1.13477C10.0762 0.961589 9.87109 0.875 9.625 0.875H4.375C4.12891 0.875 3.91927 0.961589 3.74609 1.13477C3.58203 1.30794 3.5 1.51302 3.5 1.75V3.5H0V5.25H0.875V14C0.875 14.237 0.957031 14.4421 1.12109 14.6152C1.29427 14.7884 1.50391 14.875 1.75 14.875H12.25C12.4961 14.875 12.7012 14.7884 12.8652 14.6152C13.0384 14.4421 13.125 14.237 13.125 14V5.25H14V3.5H10.5V1.75ZM5.25 2.625H8.75V3.5H5.25V2.625ZM11.375 5.25V13.125H2.625V5.25H11.375Z\"><\/path>\n\t\t<\/svg>\n\t<\/div>\n\t<span\n\t\t\tclass=\"jet-form-builder-file-upload__file-invalid-marker\"\n\t\t\tstyle=\"display: none\">\n\t\t<svg xmlns=\"http:\/\/www.w3.org\/2000\/svg\" viewbox=\"0 0 20 20\" fill=\"currentcolor\" width=\"24\" height=\"24\" aria-hidden=\"true\" focusable=\"false\"><path d=\"M10 2c4.42 0 8 3.58 8 8s-3.58 8-8 8-8-3.58-8-8 3.58-8 8-8zm1.13 9.38l.35-6.46H8.52l.35 6.46h2.26zm-.09 3.36c.24-.23.37-.55.37-.96 0-.42-.12-.74-.36-.97s-.59-.35-1.06-.35-.82.12-1.07.35-.37.55-.37.97c0 .41.13.73.38.96.26.23.61.34 1.06.34s.8-.11 1.05-.34z\"><\/path><\/svg>\n\t<\/span>\n\t<!-- footer -->\n<\/div>\n<\/template><div class=\"jet-form-builder__label\">\r\n<div class=\"jet-form-builder__label-text\">Logo de l'organisation<\/div><\/div><div class=\"jet-form-builder__field-wrap jet-form-builder-file-upload\">\n\t\t<div class=\"jet-form-builder-file-upload__content\">\n\t\t<div class=\"jet-form-builder-file-upload__loader\"><svg xmlns=\"http:\/\/www.w3.org\/2000\/svg\" width=\"38\" height=\"38\" viewbox=\"0 0 38 38\" stroke=\"#fff\"><g fill=\"none\" fill-rule=\"evenodd\"><g transform=\"translate(1 1)\" stroke-width=\"2\"><circle stroke-opacity=\".5\" cx=\"18\" cy=\"18\" r=\"18\"\/><path d=\"M36 18c0-9.94-8.06-18-18-18\" transform=\"rotate(137.826 18 18)\"><animatetransform attributename=\"transform\" type=\"rotate\" from=\"0 18 18\" to=\"360 18 18\" dur=\"1s\" repeatcount=\"indefinite\"\/><\/path><\/g><\/g><\/svg><\/div>\t\t<div class=\"jet-form-builder-file-upload__files\" data-args=\"{&quot;max_files&quot;:1,&quot;max_size&quot;:1073741824}\">\n\t\t\t\t\t<\/div>\n\t<\/div>\n\t<div class=\"jet-form-builder-file-upload__fields\">\n\t\t<input class=\"jet-form-builder__field file-field jet-form-builder-file-upload__input\" name=\"logo_entreprise\" data-field-name=\"logo_entreprise\" type=\"file\" data-form_id=\"4479\" id=\"logo_entreprise\" data-jfb-sync=\"null\" data-max_size=\"1073741824\">\n\t<\/div>\n\t<div class=\"jet-form-builder-file-upload__message\"><small>Maximum file size: 1 GB<\/small><\/div>\n\t<div class=\"jet-form-builder-file-upload__errors is-hidden\"><\/div>\n\t<\/div>\n<\/div><\/div>\n<\/div>\n\n\n<div  class=\"jet-form-builder-row field-type-submit-field\" >\n\t<div data-type=\"submit\" class=\"jet-form-builder__action-button-wrapper jet-form-builder__submit-wrap\">\n\t<button class=\"jet-form-builder__action-button jet-form-builder__submit submit-type-ajax\" type=\"submit\">Sauvegarder<\/button>\n\t<\/div>\n\t\n<\/div>\t<div class=\"jet-form-builder-messages-wrap\" data-form-id=\"4479\"><\/div>\n<input type=\"hidden\" name=\"trp-form-language\" value=\"en\"\/><\/form>\n\t\t\t\t<\/div>\n\t\t\t\t<\/div>\n\t\t\t\t<\/div>\n\t\t\t\t\t<\/div>\n\t\t\t\t<\/div>\n\t\t\t\t<\/div>","protected":false},"excerpt":{"rendered":"<p>Company Registration Register to post jobs and get access to all services for employers. Sign in credentials Email * Password * Confirm password * Company information Company name * Your company\u2019s site * Company location LiverpoolLondonWorldwide Company specialization Accounting &amp; auditingAdmin SupportAdministration &amp; middle managementAgriculture &amp; agribusinessBeauty fitness &amp; sportsConstruction &amp; architectureCulture music &amp; entertainmentCustomer [&hellip;]<\/p>","protected":false},"author":1,"featured_media":0,"parent":0,"menu_order":0,"comment_status":"closed","ping_status":"closed","template":"","meta":{"_jf_save_progress":"","footnotes":""},"class_list":["post-4498","page","type-page","status-publish","hentry"],"blocksy_meta":[],"_links":{"self":[{"href":"https:\/\/frenchtouchmalta.com\/en\/wp-json\/wp\/v2\/pages\/4498","targetHints":{"allow":["GET"]}}],"collection":[{"href":"https:\/\/frenchtouchmalta.com\/en\/wp-json\/wp\/v2\/pages"}],"about":[{"href":"https:\/\/frenchtouchmalta.com\/en\/wp-json\/wp\/v2\/types\/page"}],"author":[{"embeddable":true,"href":"https:\/\/frenchtouchmalta.com\/en\/wp-json\/wp\/v2\/users\/1"}],"replies":[{"embeddable":true,"href":"https:\/\/frenchtouchmalta.com\/en\/wp-json\/wp\/v2\/comments?post=4498"}],"version-history":[{"count":5,"href":"https:\/\/frenchtouchmalta.com\/en\/wp-json\/wp\/v2\/pages\/4498\/revisions"}],"predecessor-version":[{"id":9774,"href":"https:\/\/frenchtouchmalta.com\/en\/wp-json\/wp\/v2\/pages\/4498\/revisions\/9774"}],"wp:attachment":[{"href":"https:\/\/frenchtouchmalta.com\/en\/wp-json\/wp\/v2\/media?parent=4498"}],"curies":[{"name":"wp","href":"https:\/\/api.w.org\/{rel}","templated":true}]}}